{"id":942,"date":"2019-06-25T17:06:59","date_gmt":"2019-06-25T15:06:59","guid":{"rendered":"https:\/\/moniemvasis.gr\/home\/"},"modified":"2019-07-31T13:05:09","modified_gmt":"2019-07-31T11:05:09","slug":"home","status":"publish","type":"page","link":"https:\/\/moniemvasis.gr\/fr\/","title":{"rendered":"Home"},"content":{"rendered":"","protected":false},"excerpt":{"rendered":"","protected":false},"author":11,"featured_media":944,"parent":0,"menu_order":0,"comment_status":"closed","ping_status":"closed","template":"","meta":{"footnotes":""},"yoast_head":"<!-- This site is optimized with the Yoast SEO plugin v19.9 - https:\/\/yoast.com\/wordpress\/plugins\/seo\/ -->\n<title>Moni Emvasis Luxury Suites - Monemvasia Hotel Gr\u00e8ce - Sejour de luxe<\/title>\n<meta name=\"description\" content=\"Sejour de luxe \u00e0 Monemvasia Gr\u00e8ce et \u00e9quipements modernes. Monemvasia hotel Moni Emvasis Suites au c\u0153ur du chateau Byzantin de Monemvasia &amp; vue sur la mer.\" \/>\n<meta name=\"robots\" content=\"index, follow, max-snippet:-1, max-image-preview:large, max-video-preview:-1\" \/>\n<link rel=\"canonical\" href=\"https:\/\/moniemvasis.gr\/fr\/\" \/>\n<meta property=\"og:locale\" content=\"fr_FR\" \/>\n<meta property=\"og:type\" content=\"article\" \/>\n<meta property=\"og:title\" content=\"Moni Emvasis Luxury Suites - Monemvasia Hotel Gr\u00e8ce - Sejour de luxe\" \/>\n<meta property=\"og:description\" content=\"Sejour de luxe \u00e0 Monemvasia Gr\u00e8ce et \u00e9quipements modernes. Monemvasia hotel Moni Emvasis Suites au c\u0153ur du chateau Byzantin de Monemvasia &amp; vue sur la mer.\" \/>\n<meta property=\"og:url\" content=\"https:\/\/moniemvasis.gr\/fr\/\" \/>\n<meta property=\"og:site_name\" content=\"moniemvasis\" \/>\n<meta property=\"article:modified_time\" content=\"2019-07-31T11:05:09+00:00\" \/>\n<meta property=\"og:image\" content=\"https:\/\/moniemvasis.gr\/wp-content\/uploads\/2019\/06\/header-home.jpg\" \/>\n\t<meta property=\"og:image:width\" content=\"1980\" \/>\n\t<meta property=\"og:image:height\" content=\"1080\" \/>\n\t<meta property=\"og:image:type\" content=\"image\/jpeg\" \/>\n<meta name=\"twitter:card\" content=\"summary_large_image\" \/>\n<script type=\"application\/ld+json\" class=\"yoast-schema-graph\">{\"@context\":\"https:\/\/schema.org\",\"@graph\":[{\"@type\":\"WebPage\",\"@id\":\"https:\/\/moniemvasis.gr\/fr\/\",\"url\":\"https:\/\/moniemvasis.gr\/fr\/\",\"name\":\"Moni Emvasis Luxury Suites - Monemvasia Hotel Gr\u00e8ce - Sejour de luxe\",\"isPartOf\":{\"@id\":\"https:\/\/moniemvasis.gr\/fr\/#website\"},\"datePublished\":\"2019-06-25T15:06:59+00:00\",\"dateModified\":\"2019-07-31T11:05:09+00:00\",\"description\":\"Sejour de luxe \u00e0 Monemvasia Gr\u00e8ce et \u00e9quipements modernes. Monemvasia hotel Moni Emvasis Suites au c\u0153ur du chateau Byzantin de Monemvasia & vue sur la mer.\",\"breadcrumb\":{\"@id\":\"https:\/\/moniemvasis.gr\/fr\/#breadcrumb\"},\"inLanguage\":\"fr-FR\",\"potentialAction\":[{\"@type\":\"ReadAction\",\"target\":[\"https:\/\/moniemvasis.gr\/fr\/\"]}]},{\"@type\":\"BreadcrumbList\",\"@id\":\"https:\/\/moniemvasis.gr\/fr\/#breadcrumb\",\"itemListElement\":[{\"@type\":\"ListItem\",\"position\":1,\"name\":\"Home\",\"item\":\"https:\/\/moniemvasis.gr\/fr\/\"},{\"@type\":\"ListItem\",\"position\":2,\"name\":\"Home\"}]},{\"@type\":\"WebSite\",\"@id\":\"https:\/\/moniemvasis.gr\/fr\/#website\",\"url\":\"https:\/\/moniemvasis.gr\/fr\/\",\"name\":\"moniemvasis\",\"description\":\"\u0394\u03b9\u03b1\u03bc\u03bf\u03bd\u03b7 \u03c3\u03c4\u03b7 \u039c\u03bf\u03bd\u03b5\u03bc\u03b2\u03b1\u03c3\u03b9\u03b1 | Moni Emvasis Luxury Suites\",\"potentialAction\":[{\"@type\":\"SearchAction\",\"target\":{\"@type\":\"EntryPoint\",\"urlTemplate\":\"https:\/\/moniemvasis.gr\/fr\/?s={search_term_string}\"},\"query-input\":\"required name=search_term_string\"}],\"inLanguage\":\"fr-FR\"}]}<\/script>\n<!-- \/ Yoast SEO plugin. -->","yoast_head_json":{"title":"Moni Emvasis Luxury Suites - Monemvasia Hotel Gr\u00e8ce - Sejour de luxe","description":"Sejour de luxe \u00e0 Monemvasia Gr\u00e8ce et \u00e9quipements modernes. Monemvasia hotel Moni Emvasis Suites au c\u0153ur du chateau Byzantin de Monemvasia & vue sur la mer.","robots":{"index":"index","follow":"follow","max-snippet":"max-snippet:-1","max-image-preview":"max-image-preview:large","max-video-preview":"max-video-preview:-1"},"canonical":"https:\/\/moniemvasis.gr\/fr\/","og_locale":"fr_FR","og_type":"article","og_title":"Moni Emvasis Luxury Suites - Monemvasia Hotel Gr\u00e8ce - Sejour de luxe","og_description":"Sejour de luxe \u00e0 Monemvasia Gr\u00e8ce et \u00e9quipements modernes. Monemvasia hotel Moni Emvasis Suites au c\u0153ur du chateau Byzantin de Monemvasia & vue sur la mer.","og_url":"https:\/\/moniemvasis.gr\/fr\/","og_site_name":"moniemvasis","article_modified_time":"2019-07-31T11:05:09+00:00","og_image":[{"width":1980,"height":1080,"url":"https:\/\/moniemvasis.gr\/wp-content\/uploads\/2019\/06\/header-home.jpg","type":"image\/jpeg"}],"twitter_card":"summary_large_image","schema":{"@context":"https:\/\/schema.org","@graph":[{"@type":"WebPage","@id":"https:\/\/moniemvasis.gr\/fr\/","url":"https:\/\/moniemvasis.gr\/fr\/","name":"Moni Emvasis Luxury Suites - Monemvasia Hotel Gr\u00e8ce - Sejour de luxe","isPartOf":{"@id":"https:\/\/moniemvasis.gr\/fr\/#website"},"datePublished":"2019-06-25T15:06:59+00:00","dateModified":"2019-07-31T11:05:09+00:00","description":"Sejour de luxe \u00e0 Monemvasia Gr\u00e8ce et \u00e9quipements modernes. Monemvasia hotel Moni Emvasis Suites au c\u0153ur du chateau Byzantin de Monemvasia & vue sur la mer.","breadcrumb":{"@id":"https:\/\/moniemvasis.gr\/fr\/#breadcrumb"},"inLanguage":"fr-FR","potentialAction":[{"@type":"ReadAction","target":["https:\/\/moniemvasis.gr\/fr\/"]}]},{"@type":"BreadcrumbList","@id":"https:\/\/moniemvasis.gr\/fr\/#breadcrumb","itemListElement":[{"@type":"ListItem","position":1,"name":"Home","item":"https:\/\/moniemvasis.gr\/fr\/"},{"@type":"ListItem","position":2,"name":"Home"}]},{"@type":"WebSite","@id":"https:\/\/moniemvasis.gr\/fr\/#website","url":"https:\/\/moniemvasis.gr\/fr\/","name":"moniemvasis","description":"\u0394\u03b9\u03b1\u03bc\u03bf\u03bd\u03b7 \u03c3\u03c4\u03b7 \u039c\u03bf\u03bd\u03b5\u03bc\u03b2\u03b1\u03c3\u03b9\u03b1 | Moni Emvasis Luxury Suites","potentialAction":[{"@type":"SearchAction","target":{"@type":"EntryPoint","urlTemplate":"https:\/\/moniemvasis.gr\/fr\/?s={search_term_string}"},"query-input":"required name=search_term_string"}],"inLanguage":"fr-FR"}]}},"_links":{"self":[{"href":"https:\/\/moniemvasis.gr\/fr\/wp-json\/wp\/v2\/pages\/942"}],"collection":[{"href":"https:\/\/moniemvasis.gr\/fr\/wp-json\/wp\/v2\/pages"}],"about":[{"href":"https:\/\/moniemvasis.gr\/fr\/wp-json\/wp\/v2\/types\/page"}],"author":[{"embeddable":true,"href":"https:\/\/moniemvasis.gr\/fr\/wp-json\/wp\/v2\/users\/11"}],"replies":[{"embeddable":true,"href":"https:\/\/moniemvasis.gr\/fr\/wp-json\/wp\/v2\/comments?post=942"}],"version-history":[{"count":7,"href":"https:\/\/moniemvasis.gr\/fr\/wp-json\/wp\/v2\/pages\/942\/revisions"}],"predecessor-version":[{"id":1243,"href":"https:\/\/moniemvasis.gr\/fr\/wp-json\/wp\/v2\/pages\/942\/revisions\/1243"}],"wp:featuredmedia":[{"embeddable":true,"href":"https:\/\/moniemvasis.gr\/fr\/wp-json\/wp\/v2\/media\/944"}],"wp:attachment":[{"href":"https:\/\/moniemvasis.gr\/fr\/wp-json\/wp\/v2\/media?parent=942"}],"curies":[{"name":"wp","href":"https:\/\/api.w.org\/{rel}","templated":true}]}}