{"id":846,"date":"2019-06-27T18:59:52","date_gmt":"2019-06-27T16:59:52","guid":{"rendered":"https:\/\/moniemvasis.gr\/location\/"},"modified":"2019-07-31T13:53:27","modified_gmt":"2019-07-31T11:53:27","slug":"monemvasia-grece","status":"publish","type":"page","link":"https:\/\/moniemvasis.gr\/fr\/monemvasia-grece\/","title":{"rendered":"monemvasia"},"content":{"rendered":"","protected":false},"excerpt":{"rendered":"","protected":false},"author":11,"featured_media":847,"parent":0,"menu_order":0,"comment_status":"closed","ping_status":"closed","template":"template-location.php","meta":{"footnotes":""},"yoast_head":"<!-- This site is optimized with the Yoast SEO plugin v19.9 - https:\/\/yoast.com\/wordpress\/plugins\/seo\/ -->\n<title>Monemvasia Grece - Moni Emvasis Luxury Suites - Laconie, Gr\u00e8ce<\/title>\n<meta name=\"description\" content=\"\u00c9tant compos\u00e9e de mer, de ciel et d\u2019 histoire,Monemvasia Grece accueille d\u2019 une fa\u00e7on famili\u00e8re &amp; personnalis\u00e9e ses visiteurs. D\u00e9couvrir Monemvasia Laconie.\" \/>\n<meta name=\"robots\" content=\"index, follow, max-snippet:-1, max-image-preview:large, max-video-preview:-1\" \/>\n<link rel=\"canonical\" href=\"https:\/\/moniemvasis.gr\/fr\/monemvasia-grece\/\" \/>\n<meta property=\"og:locale\" content=\"fr_FR\" \/>\n<meta property=\"og:type\" content=\"article\" \/>\n<meta property=\"og:title\" content=\"Monemvasia Grece - Moni Emvasis Luxury Suites - Laconie, Gr\u00e8ce\" \/>\n<meta property=\"og:description\" content=\"\u00c9tant compos\u00e9e de mer, de ciel et d\u2019 histoire,Monemvasia Grece accueille d\u2019 une fa\u00e7on famili\u00e8re &amp; personnalis\u00e9e ses visiteurs. D\u00e9couvrir Monemvasia Laconie.\" \/>\n<meta property=\"og:url\" content=\"https:\/\/moniemvasis.gr\/fr\/monemvasia-grece\/\" \/>\n<meta property=\"og:site_name\" content=\"moniemvasis\" \/>\n<meta property=\"article:modified_time\" content=\"2019-07-31T11:53:27+00:00\" \/>\n<meta property=\"og:image\" content=\"https:\/\/moniemvasis.gr\/wp-content\/uploads\/2019\/06\/locations-header.jpg\" \/>\n\t<meta property=\"og:image:width\" content=\"1980\" \/>\n\t<meta property=\"og:image:height\" content=\"1080\" \/>\n\t<meta property=\"og:image:type\" content=\"image\/jpeg\" \/>\n<meta name=\"twitter:card\" content=\"summary_large_image\" \/>\n<script type=\"application\/ld+json\" class=\"yoast-schema-graph\">{\"@context\":\"https:\/\/schema.org\",\"@graph\":[{\"@type\":\"WebPage\",\"@id\":\"https:\/\/moniemvasis.gr\/fr\/monemvasia-grece\/\",\"url\":\"https:\/\/moniemvasis.gr\/fr\/monemvasia-grece\/\",\"name\":\"Monemvasia Grece - Moni Emvasis Luxury Suites - Laconie, Gr\u00e8ce\",\"isPartOf\":{\"@id\":\"https:\/\/moniemvasis.gr\/fr\/#website\"},\"datePublished\":\"2019-06-27T16:59:52+00:00\",\"dateModified\":\"2019-07-31T11:53:27+00:00\",\"description\":\"\u00c9tant compos\u00e9e de mer, de ciel et d\u2019 histoire,Monemvasia Grece accueille d\u2019 une fa\u00e7on famili\u00e8re & personnalis\u00e9e ses visiteurs. D\u00e9couvrir Monemvasia Laconie.\",\"breadcrumb\":{\"@id\":\"https:\/\/moniemvasis.gr\/fr\/monemvasia-grece\/#breadcrumb\"},\"inLanguage\":\"fr-FR\",\"potentialAction\":[{\"@type\":\"ReadAction\",\"target\":[\"https:\/\/moniemvasis.gr\/fr\/monemvasia-grece\/\"]}]},{\"@type\":\"BreadcrumbList\",\"@id\":\"https:\/\/moniemvasis.gr\/fr\/monemvasia-grece\/#breadcrumb\",\"itemListElement\":[{\"@type\":\"ListItem\",\"position\":1,\"name\":\"Home\",\"item\":\"https:\/\/moniemvasis.gr\/fr\/\"},{\"@type\":\"ListItem\",\"position\":2,\"name\":\"monemvasia\"}]},{\"@type\":\"WebSite\",\"@id\":\"https:\/\/moniemvasis.gr\/fr\/#website\",\"url\":\"https:\/\/moniemvasis.gr\/fr\/\",\"name\":\"moniemvasis\",\"description\":\"\u0394\u03b9\u03b1\u03bc\u03bf\u03bd\u03b7 \u03c3\u03c4\u03b7 \u039c\u03bf\u03bd\u03b5\u03bc\u03b2\u03b1\u03c3\u03b9\u03b1 | Moni Emvasis Luxury Suites\",\"potentialAction\":[{\"@type\":\"SearchAction\",\"target\":{\"@type\":\"EntryPoint\",\"urlTemplate\":\"https:\/\/moniemvasis.gr\/fr\/?s={search_term_string}\"},\"query-input\":\"required name=search_term_string\"}],\"inLanguage\":\"fr-FR\"}]}<\/script>\n<!-- \/ Yoast SEO plugin. -->","yoast_head_json":{"title":"Monemvasia Grece - Moni Emvasis Luxury Suites - Laconie, Gr\u00e8ce","description":"\u00c9tant compos\u00e9e de mer, de ciel et d\u2019 histoire,Monemvasia Grece accueille d\u2019 une fa\u00e7on famili\u00e8re & personnalis\u00e9e ses visiteurs. D\u00e9couvrir Monemvasia Laconie.","robots":{"index":"index","follow":"follow","max-snippet":"max-snippet:-1","max-image-preview":"max-image-preview:large","max-video-preview":"max-video-preview:-1"},"canonical":"https:\/\/moniemvasis.gr\/fr\/monemvasia-grece\/","og_locale":"fr_FR","og_type":"article","og_title":"Monemvasia Grece - Moni Emvasis Luxury Suites - Laconie, Gr\u00e8ce","og_description":"\u00c9tant compos\u00e9e de mer, de ciel et d\u2019 histoire,Monemvasia Grece accueille d\u2019 une fa\u00e7on famili\u00e8re & personnalis\u00e9e ses visiteurs. D\u00e9couvrir Monemvasia Laconie.","og_url":"https:\/\/moniemvasis.gr\/fr\/monemvasia-grece\/","og_site_name":"moniemvasis","article_modified_time":"2019-07-31T11:53:27+00:00","og_image":[{"width":1980,"height":1080,"url":"https:\/\/moniemvasis.gr\/wp-content\/uploads\/2019\/06\/locations-header.jpg","type":"image\/jpeg"}],"twitter_card":"summary_large_image","schema":{"@context":"https:\/\/schema.org","@graph":[{"@type":"WebPage","@id":"https:\/\/moniemvasis.gr\/fr\/monemvasia-grece\/","url":"https:\/\/moniemvasis.gr\/fr\/monemvasia-grece\/","name":"Monemvasia Grece - Moni Emvasis Luxury Suites - Laconie, Gr\u00e8ce","isPartOf":{"@id":"https:\/\/moniemvasis.gr\/fr\/#website"},"datePublished":"2019-06-27T16:59:52+00:00","dateModified":"2019-07-31T11:53:27+00:00","description":"\u00c9tant compos\u00e9e de mer, de ciel et d\u2019 histoire,Monemvasia Grece accueille d\u2019 une fa\u00e7on famili\u00e8re & personnalis\u00e9e ses visiteurs. D\u00e9couvrir Monemvasia Laconie.","breadcrumb":{"@id":"https:\/\/moniemvasis.gr\/fr\/monemvasia-grece\/#breadcrumb"},"inLanguage":"fr-FR","potentialAction":[{"@type":"ReadAction","target":["https:\/\/moniemvasis.gr\/fr\/monemvasia-grece\/"]}]},{"@type":"BreadcrumbList","@id":"https:\/\/moniemvasis.gr\/fr\/monemvasia-grece\/#breadcrumb","itemListElement":[{"@type":"ListItem","position":1,"name":"Home","item":"https:\/\/moniemvasis.gr\/fr\/"},{"@type":"ListItem","position":2,"name":"monemvasia"}]},{"@type":"WebSite","@id":"https:\/\/moniemvasis.gr\/fr\/#website","url":"https:\/\/moniemvasis.gr\/fr\/","name":"moniemvasis","description":"\u0394\u03b9\u03b1\u03bc\u03bf\u03bd\u03b7 \u03c3\u03c4\u03b7 \u039c\u03bf\u03bd\u03b5\u03bc\u03b2\u03b1\u03c3\u03b9\u03b1 | Moni Emvasis Luxury Suites","potentialAction":[{"@type":"SearchAction","target":{"@type":"EntryPoint","urlTemplate":"https:\/\/moniemvasis.gr\/fr\/?s={search_term_string}"},"query-input":"required name=search_term_string"}],"inLanguage":"fr-FR"}]}},"_links":{"self":[{"href":"https:\/\/moniemvasis.gr\/fr\/wp-json\/wp\/v2\/pages\/846"}],"collection":[{"href":"https:\/\/moniemvasis.gr\/fr\/wp-json\/wp\/v2\/pages"}],"about":[{"href":"https:\/\/moniemvasis.gr\/fr\/wp-json\/wp\/v2\/types\/page"}],"author":[{"embeddable":true,"href":"https:\/\/moniemvasis.gr\/fr\/wp-json\/wp\/v2\/users\/11"}],"replies":[{"embeddable":true,"href":"https:\/\/moniemvasis.gr\/fr\/wp-json\/wp\/v2\/comments?post=846"}],"version-history":[{"count":4,"href":"https:\/\/moniemvasis.gr\/fr\/wp-json\/wp\/v2\/pages\/846\/revisions"}],"predecessor-version":[{"id":1248,"href":"https:\/\/moniemvasis.gr\/fr\/wp-json\/wp\/v2\/pages\/846\/revisions\/1248"}],"wp:featuredmedia":[{"embeddable":true,"href":"https:\/\/moniemvasis.gr\/fr\/wp-json\/wp\/v2\/media\/847"}],"wp:attachment":[{"href":"https:\/\/moniemvasis.gr\/fr\/wp-json\/wp\/v2\/media?parent=846"}],"curies":[{"name":"wp","href":"https:\/\/api.w.org\/{rel}","templated":true}]}}