{"id":826,"date":"2019-07-17T11:54:43","date_gmt":"2019-07-17T09:54:43","guid":{"rendered":"https:\/\/moniemvasis.gr\/experiences\/"},"modified":"2019-07-31T13:59:13","modified_gmt":"2019-07-31T11:59:13","slug":"monemvasia-activites","status":"publish","type":"page","link":"https:\/\/moniemvasis.gr\/fr\/monemvasia-activites\/","title":{"rendered":"Experiences"},"content":{"rendered":"","protected":false},"excerpt":{"rendered":"","protected":false},"author":17,"featured_media":828,"parent":0,"menu_order":0,"comment_status":"closed","ping_status":"closed","template":"template-restaurant.php","meta":{"footnotes":""},"yoast_head":"<!-- This site is optimized with the Yoast SEO plugin v19.9 - https:\/\/yoast.com\/wordpress\/plugins\/seo\/ -->\n<title>Activit\u00e9s \u00e0 Monemvasia Lakonie Grece - Moni Emvasis Luxury Suites<\/title>\n<meta name=\"description\" content=\"Activit\u00e9s \u00e0 Monemvasia Lakonie Grece. Belles plages et activit\u00e9s en mer. Visitez le P\u00e9loponn\u00e8se et d\u00e9couvrez Monemvasia, une cit\u00e9 fortifi\u00e9e m\u00e9di\u00e9vale .\" \/>\n<meta name=\"robots\" content=\"index, follow, max-snippet:-1, max-image-preview:large, max-video-preview:-1\" \/>\n<link rel=\"canonical\" href=\"https:\/\/moniemvasis.gr\/fr\/monemvasia-activites\/\" \/>\n<meta property=\"og:locale\" content=\"fr_FR\" \/>\n<meta property=\"og:type\" content=\"article\" \/>\n<meta property=\"og:title\" content=\"Activit\u00e9s \u00e0 Monemvasia Lakonie Grece - Moni Emvasis Luxury Suites\" \/>\n<meta property=\"og:description\" content=\"Activit\u00e9s \u00e0 Monemvasia Lakonie Grece. Belles plages et activit\u00e9s en mer. Visitez le P\u00e9loponn\u00e8se et d\u00e9couvrez Monemvasia, une cit\u00e9 fortifi\u00e9e m\u00e9di\u00e9vale .\" \/>\n<meta property=\"og:url\" content=\"https:\/\/moniemvasis.gr\/fr\/monemvasia-activites\/\" \/>\n<meta property=\"og:site_name\" content=\"moniemvasis\" \/>\n<meta property=\"article:modified_time\" content=\"2019-07-31T11:59:13+00:00\" \/>\n<meta property=\"og:image\" content=\"https:\/\/moniemvasis.gr\/wp-content\/uploads\/2019\/07\/drz-sp24-1064.jpg\" \/>\n\t<meta property=\"og:image:width\" content=\"1920\" \/>\n\t<meta property=\"og:image:height\" content=\"1280\" \/>\n\t<meta property=\"og:image:type\" content=\"image\/jpeg\" \/>\n<meta name=\"twitter:card\" content=\"summary_large_image\" \/>\n<script type=\"application\/ld+json\" class=\"yoast-schema-graph\">{\"@context\":\"https:\/\/schema.org\",\"@graph\":[{\"@type\":\"WebPage\",\"@id\":\"https:\/\/moniemvasis.gr\/fr\/monemvasia-activites\/\",\"url\":\"https:\/\/moniemvasis.gr\/fr\/monemvasia-activites\/\",\"name\":\"Activit\u00e9s \u00e0 Monemvasia Lakonie Grece - Moni Emvasis Luxury Suites\",\"isPartOf\":{\"@id\":\"https:\/\/moniemvasis.gr\/fr\/#website\"},\"datePublished\":\"2019-07-17T09:54:43+00:00\",\"dateModified\":\"2019-07-31T11:59:13+00:00\",\"description\":\"Activit\u00e9s \u00e0 Monemvasia Lakonie Grece. Belles plages et activit\u00e9s en mer. Visitez le P\u00e9loponn\u00e8se et d\u00e9couvrez Monemvasia, une cit\u00e9 fortifi\u00e9e m\u00e9di\u00e9vale .\",\"breadcrumb\":{\"@id\":\"https:\/\/moniemvasis.gr\/fr\/monemvasia-activites\/#breadcrumb\"},\"inLanguage\":\"fr-FR\",\"potentialAction\":[{\"@type\":\"ReadAction\",\"target\":[\"https:\/\/moniemvasis.gr\/fr\/monemvasia-activites\/\"]}]},{\"@type\":\"BreadcrumbList\",\"@id\":\"https:\/\/moniemvasis.gr\/fr\/monemvasia-activites\/#breadcrumb\",\"itemListElement\":[{\"@type\":\"ListItem\",\"position\":1,\"name\":\"Home\",\"item\":\"https:\/\/moniemvasis.gr\/fr\/\"},{\"@type\":\"ListItem\",\"position\":2,\"name\":\"Experiences\"}]},{\"@type\":\"WebSite\",\"@id\":\"https:\/\/moniemvasis.gr\/fr\/#website\",\"url\":\"https:\/\/moniemvasis.gr\/fr\/\",\"name\":\"moniemvasis\",\"description\":\"\u0394\u03b9\u03b1\u03bc\u03bf\u03bd\u03b7 \u03c3\u03c4\u03b7 \u039c\u03bf\u03bd\u03b5\u03bc\u03b2\u03b1\u03c3\u03b9\u03b1 | Moni Emvasis Luxury Suites\",\"potentialAction\":[{\"@type\":\"SearchAction\",\"target\":{\"@type\":\"EntryPoint\",\"urlTemplate\":\"https:\/\/moniemvasis.gr\/fr\/?s={search_term_string}\"},\"query-input\":\"required name=search_term_string\"}],\"inLanguage\":\"fr-FR\"}]}<\/script>\n<!-- \/ Yoast SEO plugin. -->","yoast_head_json":{"title":"Activit\u00e9s \u00e0 Monemvasia Lakonie Grece - Moni Emvasis Luxury Suites","description":"Activit\u00e9s \u00e0 Monemvasia Lakonie Grece. Belles plages et activit\u00e9s en mer. Visitez le P\u00e9loponn\u00e8se et d\u00e9couvrez Monemvasia, une cit\u00e9 fortifi\u00e9e m\u00e9di\u00e9vale .","robots":{"index":"index","follow":"follow","max-snippet":"max-snippet:-1","max-image-preview":"max-image-preview:large","max-video-preview":"max-video-preview:-1"},"canonical":"https:\/\/moniemvasis.gr\/fr\/monemvasia-activites\/","og_locale":"fr_FR","og_type":"article","og_title":"Activit\u00e9s \u00e0 Monemvasia Lakonie Grece - Moni Emvasis Luxury Suites","og_description":"Activit\u00e9s \u00e0 Monemvasia Lakonie Grece. Belles plages et activit\u00e9s en mer. Visitez le P\u00e9loponn\u00e8se et d\u00e9couvrez Monemvasia, une cit\u00e9 fortifi\u00e9e m\u00e9di\u00e9vale .","og_url":"https:\/\/moniemvasis.gr\/fr\/monemvasia-activites\/","og_site_name":"moniemvasis","article_modified_time":"2019-07-31T11:59:13+00:00","og_image":[{"width":1920,"height":1280,"url":"https:\/\/moniemvasis.gr\/wp-content\/uploads\/2019\/07\/drz-sp24-1064.jpg","type":"image\/jpeg"}],"twitter_card":"summary_large_image","schema":{"@context":"https:\/\/schema.org","@graph":[{"@type":"WebPage","@id":"https:\/\/moniemvasis.gr\/fr\/monemvasia-activites\/","url":"https:\/\/moniemvasis.gr\/fr\/monemvasia-activites\/","name":"Activit\u00e9s \u00e0 Monemvasia Lakonie Grece - Moni Emvasis Luxury Suites","isPartOf":{"@id":"https:\/\/moniemvasis.gr\/fr\/#website"},"datePublished":"2019-07-17T09:54:43+00:00","dateModified":"2019-07-31T11:59:13+00:00","description":"Activit\u00e9s \u00e0 Monemvasia Lakonie Grece. Belles plages et activit\u00e9s en mer. Visitez le P\u00e9loponn\u00e8se et d\u00e9couvrez Monemvasia, une cit\u00e9 fortifi\u00e9e m\u00e9di\u00e9vale .","breadcrumb":{"@id":"https:\/\/moniemvasis.gr\/fr\/monemvasia-activites\/#breadcrumb"},"inLanguage":"fr-FR","potentialAction":[{"@type":"ReadAction","target":["https:\/\/moniemvasis.gr\/fr\/monemvasia-activites\/"]}]},{"@type":"BreadcrumbList","@id":"https:\/\/moniemvasis.gr\/fr\/monemvasia-activites\/#breadcrumb","itemListElement":[{"@type":"ListItem","position":1,"name":"Home","item":"https:\/\/moniemvasis.gr\/fr\/"},{"@type":"ListItem","position":2,"name":"Experiences"}]},{"@type":"WebSite","@id":"https:\/\/moniemvasis.gr\/fr\/#website","url":"https:\/\/moniemvasis.gr\/fr\/","name":"moniemvasis","description":"\u0394\u03b9\u03b1\u03bc\u03bf\u03bd\u03b7 \u03c3\u03c4\u03b7 \u039c\u03bf\u03bd\u03b5\u03bc\u03b2\u03b1\u03c3\u03b9\u03b1 | Moni Emvasis Luxury Suites","potentialAction":[{"@type":"SearchAction","target":{"@type":"EntryPoint","urlTemplate":"https:\/\/moniemvasis.gr\/fr\/?s={search_term_string}"},"query-input":"required name=search_term_string"}],"inLanguage":"fr-FR"}]}},"_links":{"self":[{"href":"https:\/\/moniemvasis.gr\/fr\/wp-json\/wp\/v2\/pages\/826"}],"collection":[{"href":"https:\/\/moniemvasis.gr\/fr\/wp-json\/wp\/v2\/pages"}],"about":[{"href":"https:\/\/moniemvasis.gr\/fr\/wp-json\/wp\/v2\/types\/page"}],"author":[{"embeddable":true,"href":"https:\/\/moniemvasis.gr\/fr\/wp-json\/wp\/v2\/users\/17"}],"replies":[{"embeddable":true,"href":"https:\/\/moniemvasis.gr\/fr\/wp-json\/wp\/v2\/comments?post=826"}],"version-history":[{"count":2,"href":"https:\/\/moniemvasis.gr\/fr\/wp-json\/wp\/v2\/pages\/826\/revisions"}],"predecessor-version":[{"id":1073,"href":"https:\/\/moniemvasis.gr\/fr\/wp-json\/wp\/v2\/pages\/826\/revisions\/1073"}],"wp:featuredmedia":[{"embeddable":true,"href":"https:\/\/moniemvasis.gr\/fr\/wp-json\/wp\/v2\/media\/828"}],"wp:attachment":[{"href":"https:\/\/moniemvasis.gr\/fr\/wp-json\/wp\/v2\/media?parent=826"}],"curies":[{"name":"wp","href":"https:\/\/api.w.org\/{rel}","templated":true}]}}